{"id":1764,"date":"2024-05-13T23:08:04","date_gmt":"2024-05-13T21:08:04","guid":{"rendered":"https:\/\/kokonap.com\/?page_id=1764"},"modified":"2024-06-04T23:15:58","modified_gmt":"2024-06-04T21:15:58","slug":"mon-parcours","status":"publish","type":"page","link":"https:\/\/kokonap.com\/de\/mon-parcours\/","title":{"rendered":"Mon parcours"},"content":{"rendered":"<hr class=\"wp-block-separator has-alpha-channel-opacity\"\/>\n\n\n\n<div class=\"wp-block-columns alignfull is-layout-flex wp-container-core-columns-is-layout-28f84493 wp-block-columns-is-layout-flex\">\n<div class=\"wp-block-column is-vertically-aligned-top is-layout-flow wp-block-column-is-layout-flow\" style=\"flex-basis:25%\"><div class=\"wp-block-image\">\n<figure class=\"aligncenter size-large\"><img loading=\"lazy\" decoding=\"async\" width=\"683\" height=\"1024\" src=\"https:\/\/kokonap.com\/wp-content\/uploads\/2024\/05\/PHOTO-2024-05-12-21-12-15-Copie-1-683x1024.jpg\" alt=\"\" class=\"wp-image-1917\" srcset=\"https:\/\/kokonap.com\/wp-content\/uploads\/2024\/05\/PHOTO-2024-05-12-21-12-15-Copie-1-683x1024.jpg 683w, https:\/\/kokonap.com\/wp-content\/uploads\/2024\/05\/PHOTO-2024-05-12-21-12-15-Copie-1-200x300.jpg 200w, https:\/\/kokonap.com\/wp-content\/uploads\/2024\/05\/PHOTO-2024-05-12-21-12-15-Copie-1-768x1152.jpg 768w, https:\/\/kokonap.com\/wp-content\/uploads\/2024\/05\/PHOTO-2024-05-12-21-12-15-Copie-1.jpg 861w\" sizes=\"auto, (max-width: 683px) 100vw, 683px\" \/><\/figure>\n<\/div><\/div>\n\n\n\n<div class=\"wp-block-column is-layout-flow wp-block-column-is-layout-flow\" style=\"flex-basis:50%\">\n<p>Anim\u00e9e par l\u2019aide \u00e0 l\u2019autre depuis mon jeune \u00e2ge, j\u2019ai obtenu mon dipl\u00f4me d\u2019Etat d\u2019Educateur Sp\u00e9cialis\u00e9 en 2013. J\u2019ai exerc\u00e9 durant 10 ans dans le domaine de la protection de l\u2019enfance. D\u2019abord aupr\u00e8s d\u2019adolescents en Maison d\u2019Enfants \u00e0 Caract\u00e8re Social, puis en milieu ouvert, en offrant une guidance parentale et un accompagnement \u00e0 des familles rencontrant des probl\u00e9matiques d\u2019ordre sociale, psychologique, familiale, \u00e9ducative.<\/p>\n\n\n\n<p>Devenue Maman d\u2019une petite fille puis d\u2019un petit gar\u00e7on, la question du sommeil s\u2019est in\u00e9vitablement pos\u00e9e \u00e0 moi comme pour tout parent. Je me suis rendu compte que malgr\u00e9 ma connaissance sur le d\u00e9veloppement de l\u2019enfant, le sommeil n\u2019avait jamais \u00e9t\u00e9 abord\u00e9 lors de ma formation alors que le manque de sommeil est lui, une des premi\u00e8res causes de l\u2019\u00e9puisement parental.<\/p>\n\n\n\n<p>J\u2019ai pu en faire moi-m\u00eame l\u2019exp\u00e9rience, apr\u00e8s plusieurs mois de nuits hach\u00e9es, lorsque mon fils s\u2019est mis \u00e0 faire \u00ab&nbsp;ses nuits&nbsp;\u00bb la vie m\u2019a tout de suite sembl\u00e9e plus douce. Mon sourire, ma patience et ma joie d\u2019\u00eatre aupr\u00e8s de mes enfants sont revenus (sans parler de l\u2019harmonie de mon couple).<\/p>\n\n\n\n<p>C\u2019est l\u00e0 que j\u2019ai souhait\u00e9 creuser plus loin le sujet du sommeil. Et j\u2019ai d\u00e9couvert qu\u2019il occupait certes une place primordiale pour nous adulte mais avant tout pour nos enfants puisqu\u2019il est indispensable \u00e0 leur croissance ainsi qu\u2019au bon d\u00e9veloppement et \u00e0 la maturation de leur cerveau.<\/p>\n\n\n\n<p>J\u2019ai alors suivi une formation internationale \u00e0 l\u2019institut SOMNA qui propose une approche naturelle et individualis\u00e9e (oui spoiler alerte il n\u2019existe pas de m\u00e9thode unique et magique en mati\u00e8re de sommeil car chaque b\u00e9b\u00e9 et enfant est unique) et j\u2019ai obtenu ma certification en qualit\u00e9 de Somnop\u00e9dagogue<sup>tm<\/sup> de l\u2019enfance 0-12ans.<\/p>\n\n\n\n<p>Mes deux formations ainsi que mes exp\u00e9riences me permettent aujourd\u2019hui de vous proposer un accompagnement personnalis\u00e9 autour du sommeil de votre b\u00e9b\u00e9 ou de votre enfant afin de vous transmettre les outils pour retrouver une harmonie dans votre petite tribu.<\/p>\n\n\n\n<p><\/p>\n<\/div>\n\n\n\n<div class=\"wp-block-column is-vertically-aligned-bottom is-layout-flow wp-block-column-is-layout-flow\" style=\"flex-basis:25%\"><div class=\"wp-block-image\">\n<figure class=\"aligncenter size-large\"><img loading=\"lazy\" decoding=\"async\" width=\"682\" height=\"1024\" src=\"https:\/\/kokonap.com\/wp-content\/uploads\/2024\/05\/PHOTO-2024-05-12-21-15-21-2-682x1024.jpg\" alt=\"\" class=\"wp-image-1918\" srcset=\"https:\/\/kokonap.com\/wp-content\/uploads\/2024\/05\/PHOTO-2024-05-12-21-15-21-2-682x1024.jpg 682w, https:\/\/kokonap.com\/wp-content\/uploads\/2024\/05\/PHOTO-2024-05-12-21-15-21-2-200x300.jpg 200w, https:\/\/kokonap.com\/wp-content\/uploads\/2024\/05\/PHOTO-2024-05-12-21-15-21-2-768x1153.jpg 768w, https:\/\/kokonap.com\/wp-content\/uploads\/2024\/05\/PHOTO-2024-05-12-21-15-21-2-1023x1536.jpg 1023w, https:\/\/kokonap.com\/wp-content\/uploads\/2024\/05\/PHOTO-2024-05-12-21-15-21-2.jpg 1066w\" sizes=\"auto, (max-width: 682px) 100vw, 682px\" \/><\/figure>\n<\/div><\/div>\n<\/div>\n\n\n\n<hr class=\"wp-block-separator has-alpha-channel-opacity\"\/>\n\n\n\n<div class=\"wp-block-columns alignwide is-layout-flex wp-container-core-columns-is-layout-28f84493 wp-block-columns-is-layout-flex\">\n<div class=\"wp-block-column is-layout-flow wp-block-column-is-layout-flow\" style=\"flex-basis:66.66%\">\n<blockquote class=\"wp-block-quote has-text-align-right is-layout-flow wp-block-quote-is-layout-flow\">\n<p class=\"has-text-align-right\">Caroline Cotteny<\/p>\n<cite>Somnop\u00e9dagogue\u2122, \u00e9ducatrice sp\u00e9cialis\u00e9e et fondatrice de Kokonap<\/cite><\/blockquote>\n<\/div>\n\n\n\n<div class=\"wp-block-column is-vertically-aligned-center is-layout-flow wp-block-column-is-layout-flow\" style=\"flex-basis:33.33%\"><div class=\"alignleft wp-block-site-logo\"><a href=\"https:\/\/kokonap.com\/de\/\" class=\"custom-logo-link\" rel=\"home\"><img loading=\"lazy\" decoding=\"async\" width=\"147\" height=\"103\" src=\"https:\/\/kokonap.com\/wp-content\/uploads\/2024\/06\/cropped-Copie-de-Copie-de-Copie-de-Koko.png\" class=\"custom-logo\" alt=\"Somnop\u00e9dagogie\u2122 de l&#039;enfance\" srcset=\"https:\/\/kokonap.com\/wp-content\/uploads\/2024\/06\/cropped-Copie-de-Copie-de-Copie-de-Koko.png 646w, https:\/\/kokonap.com\/wp-content\/uploads\/2024\/06\/cropped-Copie-de-Copie-de-Copie-de-Koko-300x212.png 300w\" sizes=\"auto, (max-width: 147px) 100vw, 147px\" \/><\/a><\/div><\/div>\n<\/div>","protected":false},"excerpt":{"rendered":"<p>Anim\u00e9e par l\u2019aide \u00e0 l\u2019autre depuis mon jeune \u00e2ge, j\u2019ai obtenu mon dipl\u00f4me d\u2019Etat d\u2019Educateur Sp\u00e9cialis\u00e9 en 2013. J\u2019ai exerc\u00e9 durant 10 ans dans le domaine de la protection de l\u2019enfance. D\u2019abord aupr\u00e8s d\u2019adolescents en Maison d\u2019Enfants \u00e0 Caract\u00e8re Social, puis en milieu ouvert, en offrant une guidance parentale et [&hellip;]<\/p>","protected":false},"author":1,"featured_media":1688,"parent":0,"menu_order":0,"comment_status":"closed","ping_status":"closed","template":"","meta":{"footnotes":""},"class_list":["post-1764","page","type-page","status-publish","has-post-thumbnail","hentry"],"_links":{"self":[{"href":"https:\/\/kokonap.com\/de\/wp-json\/wp\/v2\/pages\/1764","targetHints":{"allow":["GET"]}}],"collection":[{"href":"https:\/\/kokonap.com\/de\/wp-json\/wp\/v2\/pages"}],"about":[{"href":"https:\/\/kokonap.com\/de\/wp-json\/wp\/v2\/types\/page"}],"author":[{"embeddable":true,"href":"https:\/\/kokonap.com\/de\/wp-json\/wp\/v2\/users\/1"}],"replies":[{"embeddable":true,"href":"https:\/\/kokonap.com\/de\/wp-json\/wp\/v2\/comments?post=1764"}],"version-history":[{"count":26,"href":"https:\/\/kokonap.com\/de\/wp-json\/wp\/v2\/pages\/1764\/revisions"}],"predecessor-version":[{"id":2168,"href":"https:\/\/kokonap.com\/de\/wp-json\/wp\/v2\/pages\/1764\/revisions\/2168"}],"wp:featuredmedia":[{"embeddable":true,"href":"https:\/\/kokonap.com\/de\/wp-json\/wp\/v2\/media\/1688"}],"wp:attachment":[{"href":"https:\/\/kokonap.com\/de\/wp-json\/wp\/v2\/media?parent=1764"}],"curies":[{"name":"wp","href":"https:\/\/api.w.org\/{rel}","templated":true}]}}